{"id":1345,"date":"2013-12-03T06:16:44","date_gmt":"2013-12-03T06:16:44","guid":{"rendered":"http:\/\/wpexplorer-demos.com\/?page_id=1345"},"modified":"2025-01-21T11:22:57","modified_gmt":"2025-01-21T11:22:57","slug":"contact","status":"publish","type":"page","link":"https:\/\/sensilog.ro\/en\/contact\/","title":{"rendered":"Contact"},"content":{"rendered":"<div class=\"wpb-content-wrapper\"><div id=\"contacte\" class=\"vc_row wpb_row vc_row-fluid wpex-relative\" data-ls_id=\"#contacte\" tabindex=\"-1\"><div class=\"wpb_column vc_column_container vc_col-sm-12\"><div class=\"vc_column-inner\"><div class=\"wpb_wrapper\">\n\t<div class=\"wpb_text_column wpb_content_element\" >\n\t\t<div class=\"wpb_wrapper\">\n\t\t\t<h1>Sensilog contacte<\/h1>\n\n\t\t<\/div>\n\t<\/div>\n<\/div><\/div><\/div><\/div><div class=\"vc_row wpb_row vc_row-fluid wpex-relative\"><div class=\"wpb_column vc_column_container vc_col-sm-6\"><div class=\"vc_column-inner\"><div class=\"wpb_wrapper\"><div class=\"vc_row wpb_row vc_inner vc_row-fluid wpex-relative\"><div class=\"wpb_column vc_column_container vc_col-sm-6\"><div class=\"vc_column-inner\"><div class=\"wpb_wrapper\">\n\t<div style=\"font-size:17 px;\" class=\"wpb_text_column wpb_content_element\" >\n\t\t<div class=\"wpb_wrapper\">\n\t\t\t<p><a style=\"background-color: var(--wpex-surface-1);\" href=\"tel:+40740153187\"><span  style=\"margin-right:5px;font-size:;\" class=\"wpex-icon\" aria-hidden=\"true\"><svg xmlns=\"http:\/\/www.w3.org\/2000\/svg\" viewbox=\"0 0 512 512\"><path d=\"M164.9 24.6c-7.7-18.6-28-28.5-47.4-23.2l-88 24C12.1 30.2 0 46 0 64C0 311.4 200.6 512 448 512c18 0 33.8-12.1 38.6-29.5l24-88c5.3-19.4-4.6-39.7-23.2-47.4l-96-40c-16.3-6.8-35.2-2.1-46.3 11.6L304.7 368C234.3 334.7 177.3 277.7 144 207.3L193.3 167c13.7-11.2 18.4-30 11.6-46.3l-40-96z\"\/><\/svg><\/span>+40 (0)740 153 187<\/a><br \/>\n<a href=\"mailto:valentin.binder@sensilog.ro\" target=\"_blank\" rel=\"noopener\"><span  style=\"margin-right:5px;font-size:;\" class=\"wpex-icon\" aria-hidden=\"true\"><svg xmlns=\"http:\/\/www.w3.org\/2000\/svg\" viewbox=\"0 0 512 512\"><path d=\"M48 64C21.5 64 0 85.5 0 112c0 15.1 7.1 29.3 19.2 38.4L236.8 313.6c11.4 8.5 27 8.5 38.4 0L492.8 150.4c12.1-9.1 19.2-23.3 19.2-38.4c0-26.5-21.5-48-48-48H48zM0 176V384c0 35.3 28.7 64 64 64H448c35.3 0 64-28.7 64-64V176L294.4 339.2c-22.8 17.1-54 17.1-76.8 0L0 176z\"\/><\/svg><\/span>office@sensilog.ro<\/a><br \/>\n<a href=\"mailto:valentin.binder@sensilog.ro\" target=\"_blank\" rel=\"noopener\"><span  style=\"margin-right:5px;font-size:;\" class=\"wpex-icon\" aria-hidden=\"true\"><svg xmlns=\"http:\/\/www.w3.org\/2000\/svg\" viewbox=\"0 0 512 512\"><path d=\"M48 64C21.5 64 0 85.5 0 112c0 15.1 7.1 29.3 19.2 38.4L236.8 313.6c11.4 8.5 27 8.5 38.4 0L492.8 150.4c12.1-9.1 19.2-23.3 19.2-38.4c0-26.5-21.5-48-48-48H48zM0 176V384c0 35.3 28.7 64 64 64H448c35.3 0 64-28.7 64-64V176L294.4 339.2c-22.8 17.1-54 17.1-76.8 0L0 176z\"\/><\/svg><\/span>valentin.binder@sensilog.ro<\/a><\/p>\n\n\t\t<\/div>\n\t<\/div>\n<\/div><\/div><\/div><div class=\"wpb_column vc_column_container vc_col-sm-6\"><div class=\"vc_column-inner\"><div class=\"wpb_wrapper\">\n\t<div style=\"font-size:17 px;\" class=\"wpb_text_column wpb_content_element\" >\n\t\t<div class=\"wpb_wrapper\">\n\t\t\t<p>20 Fantanele Street<br \/>\n510081 Alba Iulia, Romania<\/p>\n\n\t\t<\/div>\n\t<\/div>\n<\/div><\/div><\/div><\/div><div class=\"vc_row wpb_row vc_inner vc_row-fluid wpex-relative\"><div class=\"wpb_column vc_column_container vc_col-sm-12\"><div class=\"vc_column-inner\"><div class=\"wpb_wrapper\">\n\t<div class=\"wpb_text_column wpb_content_element\" >\n\t\t<div class=\"wpb_wrapper\">\n\t\t\t<div class=\"vcex-module vcex-divider vcex-divider-solid vcex-divider-center wpex-mx-auto wpex-max-w-100 wpex-block wpex-h-0 wpex-border-b wpex-border-solid wpex-border-main\" style=\"width:100%;margin-block-end:20px;border-bottom-width:1px;border-color:#dddddd;\"><\/div>\n<p><strong>Working Hours<\/strong>\u00a0Monday to Friday between 8:00 and 17:00<\/p>\n<div class=\"vcex-module vcex-divider vcex-divider-solid vcex-divider-center wpex-mx-auto wpex-max-w-100 wpex-block wpex-h-0 wpex-border-b wpex-border-solid wpex-border-main\" style=\"width:100%;margin-block:20px;border-bottom-width:1px;border-color:#dddddd;\"><\/div>\n\n\t\t<\/div>\n\t<\/div>\n<\/div><\/div><\/div><\/div><\/div><\/div><\/div><div class=\"wpb_column vc_column_container vc_col-sm-6\"><div class=\"vc_column-inner\"><div class=\"wpb_wrapper\"><div class=\"wpb_gmaps_widget wpb_content_element\"><div class=\"wpb_wrapper\"><div class=\"wpb_map_wraper\"><iframe width=\"100%\" height=\"400\" frameborder=\"0\" scrolling=\"no\" marginheight=\"0\" marginwidth=\"0\" src=\"https:\/\/www.google.com\/maps\/embed?pb=!1m18!1m12!1m3!1d3197.8981795430072!2d23.55242767820684!3d46.073078346742435!2m3!1f0!2f0!3f0!3m2!1i1024!2i768!4f13.1!3m3!1m2!1s0x474ea7d661a82995%3A0xb2da1cfc9fb90fee!2sStrada%20F%C3%A2nt%C3%A2nele%2020%2C%20Alba%20Iulia!5e0!3m2!1sro!2sro!4v1737368644890!5m2!1sro!2sro%20width=600%20height=400%20style=border:0;%20allowfullscreen=%20loading=lazy%20referrerpolicy=no-referrer-when-downgrade&amp;t=m&amp;z=14&amp;output=embed\"><\/iframe><\/div><\/div><\/div><\/div><\/div><\/div><\/div><div class=\"vc_row wpb_row vc_row-fluid vc_custom_1737120335381 wpex-vc-full-width-row wpex-vc-full-width-row--centered wpex-relative wpex-vc_row-has-fill no-bottom-margins wpex-vc-reset-negative-margin\" data-ls_id=\"#scrie\" tabindex=\"-1\" style=\"background-color:#fbcc0a!important;\"><div class=\"wpb_column vc_column_container vc_col-sm-12\"><div class=\"vc_column-inner\"><div class=\"wpb_wrapper\"><div class=\"vcex-contact-form wpex-text-left\" data-ajaxurl=\"https:\/\/sensilog.ro\/wp-admin\/admin-ajax.php\" data-notice-success=\"Mesaj transmis\" data-notice-error=\"Eroare\" data-recaptcha=\"\" data-nonce=\"378b838803\"><form class=\"vcex-contact-form__form\" action=\"\"><div class=\"vcex-contact-form__fields wpex-mb-15 wpex-flex wpex-gap-20 wpex-flex-wrap\"><div class=\"vcex-contact-form__name wpex-flex-grow\"><label class=\"vcex-contact-form__label wpex-block wpex-mb-5 wpex-font-semibold\" for=\"vcex-contact-form__6a09a8e6c1a44-name\">Name - Company<sup class=\"vcex-contact-form__required\">*<\/sup><\/label><input class=\"vcex-contact-form__input wpex-w-100\" type=\"text\" id=\"vcex-contact-form__6a09a8e6c1a44-name\" name=\"vcex_cf_name\" required><\/div><div class=\"vcex-contact-form__email wpex-flex-grow\"><label class=\"vcex-contact-form__label wpex-block wpex-mb-5 wpex-font-semibold\" for=\"vcex-contact-form__6a09a8e6c1a44-email\">Email<sup class=\"vcex-contact-form__required\">*<\/sup><\/label><input class=\"vcex-contact-form__input wpex-w-100\" type=\"email\" id=\"vcex-contact-form__6a09a8e6c1a44-email\" name=\"vcex_cf_email\" required><\/div><\/div><div class=\"vcex-contact-form__message wpex-mb-15\"><label class=\"vcex-contact-form__label wpex-block wpex-mb-5 wpex-font-semibold\" for=\"vcex-contact-form__6a09a8e6c1a44-message\">Message<\/label><textarea rows=\"8\" class=\"vcex-contact-form__textarea wpex-align-top wpex-w-100\" id=\"vcex-contact-form__6a09a8e6c1a44-message\" name=\"vcex_cf_message\" required><\/textarea><\/div><div class=\"vcex-contact-form__privacy wpex-flex wpex-items-center wpex-gap-5 wpex-mb-15\"><input type=\"checkbox\" class=\"vcex-contact-form__checkbox\" id=\"vcex-contact-form__6a09a8e6c1a44-privacy\" name=\"vcex_cf_privacy\" required><label class=\"vcex-contact-form__label wpex-block wpex-font-semibold\" for=\"vcex-contact-form__6a09a8e6c1a44-privacy\">I agree with <a href=\"https:\/\/sensilog.ro\/en\/politica-de-confidentialitate\/\" target=\"_blank\" rel=\"noopener noreferrer\">The Privacy Policy<\/a><\/label><\/div><button class=\"vcex-contact-form__submit theme-button\">Send<\/button><div class=\"vcex-contact-form__spinner wpex-mt-15 wpex-hidden\"><svg height=\"20\" width=\"20\" viewbox=\"0 0 36 36\" xmlns=\"http:\/\/www.w3.org\/2000\/svg\"><circle cx=\"18\" cy=\"18\" r=\"18\" fill=\"#a2a2a2\" fill-opacity=\".5\"\/><circle cx=\"18\" cy=\"8\" r=\"4\" fill=\"#fff\"><animatetransform attributename=\"transform\" dur=\"1100ms\" from=\"0 18 18\" repeatcount=\"indefinite\" to=\"360 18 18\" type=\"rotate\"\/><\/circle><\/svg><\/div><div class=\"vcex-contact-form__notice wpex-hidden wpex-alert wpex-mt-15 wpex-mb-0\"><\/div><input type=\"hidden\" name=\"trp-form-language\" value=\"en\"\/><\/form><div class=\"vcex-contact-form__overlay wpex-hidden\"><\/div><\/div><\/div><\/div><\/div><\/div>\n<\/div>","protected":false},"excerpt":{"rendered":"Sensilog contacte +40 (0)740 153 187 office@sensilog.ro valentin.binder@sensilog.ro Strada Fantanele 20 510081 Alba Iulia, Romania Program de lucru:\u00a0de luni p\u00e2n\u0103 vineri, \u00eentre orele 8:00 \u0219i 17:00 Nume - Companie*Email*MesajSunt de acord cu Politica de confidentialitateTrimite","protected":false},"author":1,"featured_media":0,"parent":0,"menu_order":0,"comment_status":"closed","ping_status":"closed","template":"templates\/full-screen.php","meta":{"footnotes":""},"class_list":["post-1345","page","type-page","status-publish","hentry","entry","no-media"],"yoast_head":"<!-- This site is optimized with the Yoast SEO plugin v27.6 - https:\/\/yoast.com\/product\/yoast-seo-wordpress\/ -->\n<title>Contact -<\/title>\n<meta name=\"robots\" content=\"index, follow, max-snippet:-1, max-image-preview:large, max-video-preview:-1\" \/>\n<link rel=\"canonical\" href=\"https:\/\/sensilog.ro\/en\/contact\/\" \/>\n<meta property=\"og:locale\" content=\"en_GB\" \/>\n<meta property=\"og:type\" content=\"article\" \/>\n<meta property=\"og:title\" content=\"Contact -\" \/>\n<meta property=\"og:url\" content=\"https:\/\/sensilog.ro\/en\/contact\/\" \/>\n<meta property=\"article:modified_time\" content=\"2025-01-21T11:22:57+00:00\" \/>\n<meta name=\"twitter:card\" content=\"summary_large_image\" \/>\n<meta name=\"twitter:label1\" content=\"Estimated reading time\" \/>\n\t<meta name=\"twitter:data1\" content=\"1 minute\" \/>\n<script type=\"application\/ld+json\" class=\"yoast-schema-graph\">{\"@context\":\"https:\\\/\\\/schema.org\",\"@graph\":[{\"@type\":\"WebPage\",\"@id\":\"https:\\\/\\\/sensilog.ro\\\/contact\\\/\",\"url\":\"https:\\\/\\\/sensilog.ro\\\/contact\\\/\",\"name\":\"Contact -\",\"isPartOf\":{\"@id\":\"https:\\\/\\\/sensilog.ro\\\/#website\"},\"datePublished\":\"2013-12-03T06:16:44+00:00\",\"dateModified\":\"2025-01-21T11:22:57+00:00\",\"inLanguage\":\"en-GB\",\"potentialAction\":[{\"@type\":\"ReadAction\",\"target\":[\"https:\\\/\\\/sensilog.ro\\\/contact\\\/\"]}]},{\"@type\":\"WebSite\",\"@id\":\"https:\\\/\\\/sensilog.ro\\\/#website\",\"url\":\"https:\\\/\\\/sensilog.ro\\\/\",\"name\":\"\",\"description\":\"\",\"potentialAction\":[{\"@type\":\"SearchAction\",\"target\":{\"@type\":\"EntryPoint\",\"urlTemplate\":\"https:\\\/\\\/sensilog.ro\\\/?s={search_term_string}\"},\"query-input\":{\"@type\":\"PropertyValueSpecification\",\"valueRequired\":true,\"valueName\":\"search_term_string\"}}],\"inLanguage\":\"en-GB\"}]}<\/script>\n<!-- \/ Yoast SEO plugin. -->","yoast_head_json":{"title":"Contact -","robots":{"index":"index","follow":"follow","max-snippet":"max-snippet:-1","max-image-preview":"max-image-preview:large","max-video-preview":"max-video-preview:-1"},"canonical":"https:\/\/sensilog.ro\/en\/contact\/","og_locale":"en_GB","og_type":"article","og_title":"Contact -","og_url":"https:\/\/sensilog.ro\/en\/contact\/","article_modified_time":"2025-01-21T11:22:57+00:00","twitter_card":"summary_large_image","twitter_misc":{"Estimated reading time":"1 minute"},"schema":{"@context":"https:\/\/schema.org","@graph":[{"@type":"WebPage","@id":"https:\/\/sensilog.ro\/contact\/","url":"https:\/\/sensilog.ro\/contact\/","name":"Contact -","isPartOf":{"@id":"https:\/\/sensilog.ro\/#website"},"datePublished":"2013-12-03T06:16:44+00:00","dateModified":"2025-01-21T11:22:57+00:00","inLanguage":"en-GB","potentialAction":[{"@type":"ReadAction","target":["https:\/\/sensilog.ro\/contact\/"]}]},{"@type":"WebSite","@id":"https:\/\/sensilog.ro\/#website","url":"https:\/\/sensilog.ro\/","name":"","description":"","potentialAction":[{"@type":"SearchAction","target":{"@type":"EntryPoint","urlTemplate":"https:\/\/sensilog.ro\/?s={search_term_string}"},"query-input":{"@type":"PropertyValueSpecification","valueRequired":true,"valueName":"search_term_string"}}],"inLanguage":"en-GB"}]}},"_links":{"self":[{"href":"https:\/\/sensilog.ro\/en\/wp-json\/wp\/v2\/pages\/1345","targetHints":{"allow":["GET"]}}],"collection":[{"href":"https:\/\/sensilog.ro\/en\/wp-json\/wp\/v2\/pages"}],"about":[{"href":"https:\/\/sensilog.ro\/en\/wp-json\/wp\/v2\/types\/page"}],"author":[{"embeddable":true,"href":"https:\/\/sensilog.ro\/en\/wp-json\/wp\/v2\/users\/1"}],"replies":[{"embeddable":true,"href":"https:\/\/sensilog.ro\/en\/wp-json\/wp\/v2\/comments?post=1345"}],"version-history":[{"count":0,"href":"https:\/\/sensilog.ro\/en\/wp-json\/wp\/v2\/pages\/1345\/revisions"}],"wp:attachment":[{"href":"https:\/\/sensilog.ro\/en\/wp-json\/wp\/v2\/media?parent=1345"}],"curies":[{"name":"wp","href":"https:\/\/api.w.org\/{rel}","templated":true}]}}