{"id":4828,"date":"2025-01-10T21:15:39","date_gmt":"2025-01-10T21:15:39","guid":{"rendered":"https:\/\/sensilog.ro\/?page_id=4828"},"modified":"2025-02-22T14:04:18","modified_gmt":"2025-02-22T14:04:18","slug":"locuri-de-munca","status":"publish","type":"page","link":"http:\/\/sensilog.ro\/en\/locuri-de-munca\/","title":{"rendered":"Jobs"},"content":{"rendered":"<div class=\"wpb-content-wrapper\"><div class=\"vc_row wpb_row vc_row-fluid wpex-relative\"><div class=\"wpb_column vc_column_container vc_col-sm-9\"><div class=\"vc_column-inner\"><div class=\"wpb_wrapper\"><\/div><\/div><\/div><\/div><div class=\"vc_row wpb_row vc_row-fluid vc_row-o-equal-height vc_row-flex wpex-relative\"><div class=\"wpb_column vc_column_container vc_col-sm-12\"><div class=\"vc_column-inner vc_custom_1736781683674\"><div class=\"wpb_wrapper\"><div class=\"vcex-module vcex-divider vcex-divider-solid vcex-divider-center wpex-mx-auto wpex-block wpex-h-0 wpex-border-b wpex-border-solid wpex-border-main\" style=\"margin-block-end:20px;\"><\/div><div class=\"vcex-grid-container vcex-module wpex-grid wpex-gap-20 wpex-grid-cols-1 wpex-lg-grid-cols-4 wpex-shadow-xs\" style=\"gap:100px;\"><figure class=\"vcex-image vcex-module\"><div class=\"vcex-image-inner wpex-relative wpex-inline-block vc_custom_1739924234858\"><img width=\"2560\" height=\"1571\" src=\"https:\/\/sensilog.ro\/wp-content\/uploads\/2025\/01\/20161018_105429-1-scaled.jpg\" class=\"vcex-image-img wpex-align-middle wpex-aspect-3-2 wpex-object-cover\" alt=\"\" loading=\"lazy\" decoding=\"async\" srcset=\"https:\/\/sensilog.ro\/wp-content\/uploads\/2025\/01\/20161018_105429-1-scaled.jpg 2560w, https:\/\/sensilog.ro\/wp-content\/uploads\/2025\/01\/20161018_105429-1-300x184.jpg 300w, https:\/\/sensilog.ro\/wp-content\/uploads\/2025\/01\/20161018_105429-1-1024x629.jpg 1024w, https:\/\/sensilog.ro\/wp-content\/uploads\/2025\/01\/20161018_105429-1-768x471.jpg 768w, https:\/\/sensilog.ro\/wp-content\/uploads\/2025\/01\/20161018_105429-1-1536x943.jpg 1536w, https:\/\/sensilog.ro\/wp-content\/uploads\/2025\/01\/20161018_105429-1-2048x1257.jpg 2048w\" sizes=\"auto, (max-width: 2560px) 100vw, 2560px\" \/><\/div><\/figure><figure class=\"vcex-image vcex-module\"><div class=\"vcex-image-inner wpex-relative wpex-inline-block vc_custom_1737368933339\"><img width=\"1024\" height=\"498\" src=\"https:\/\/sensilog.ro\/wp-content\/uploads\/2025\/01\/1b803934-12cd-4959-8167-5caf81ce725d-Recovered.jpg\" class=\"vcex-image-img wpex-align-middle wpex-aspect-3-2 wpex-object-cover\" alt=\"\" loading=\"lazy\" decoding=\"async\" srcset=\"https:\/\/sensilog.ro\/wp-content\/uploads\/2025\/01\/1b803934-12cd-4959-8167-5caf81ce725d-Recovered.jpg 1024w, https:\/\/sensilog.ro\/wp-content\/uploads\/2025\/01\/1b803934-12cd-4959-8167-5caf81ce725d-Recovered-300x146.jpg 300w, https:\/\/sensilog.ro\/wp-content\/uploads\/2025\/01\/1b803934-12cd-4959-8167-5caf81ce725d-Recovered-768x374.jpg 768w\" sizes=\"auto, (max-width: 1024px) 100vw, 1024px\" \/><\/div><\/figure><figure class=\"vcex-image vcex-module\"><div class=\"vcex-image-inner wpex-relative wpex-inline-block vc_custom_1737368951040\"><img width=\"1600\" height=\"1137\" src=\"https:\/\/sensilog.ro\/wp-content\/uploads\/2025\/01\/53bbe06b-f996-4cd6-9870-3ef5dc0dfd35.jpg\" class=\"vcex-image-img wpex-align-middle\" alt=\"\" loading=\"lazy\" decoding=\"async\" srcset=\"https:\/\/sensilog.ro\/wp-content\/uploads\/2025\/01\/53bbe06b-f996-4cd6-9870-3ef5dc0dfd35.jpg 1600w, https:\/\/sensilog.ro\/wp-content\/uploads\/2025\/01\/53bbe06b-f996-4cd6-9870-3ef5dc0dfd35-300x213.jpg 300w, https:\/\/sensilog.ro\/wp-content\/uploads\/2025\/01\/53bbe06b-f996-4cd6-9870-3ef5dc0dfd35-1024x728.jpg 1024w, https:\/\/sensilog.ro\/wp-content\/uploads\/2025\/01\/53bbe06b-f996-4cd6-9870-3ef5dc0dfd35-768x546.jpg 768w, https:\/\/sensilog.ro\/wp-content\/uploads\/2025\/01\/53bbe06b-f996-4cd6-9870-3ef5dc0dfd35-1536x1092.jpg 1536w\" sizes=\"auto, (max-width: 1600px) 100vw, 1600px\" \/><\/div><\/figure><figure class=\"vcex-image vcex-module\"><div class=\"vcex-image-inner wpex-relative wpex-inline-block vc_custom_1736723885908\"><img width=\"1598\" height=\"1166\" src=\"https:\/\/sensilog.ro\/wp-content\/uploads\/2025\/01\/WhatsApp-Image-2019-08-13-at-11.01.291.jpg\" class=\"vcex-image-img wpex-align-middle wpex-aspect-3-2 wpex-object-cover\" alt=\"\" loading=\"lazy\" decoding=\"async\" srcset=\"https:\/\/sensilog.ro\/wp-content\/uploads\/2025\/01\/WhatsApp-Image-2019-08-13-at-11.01.291.jpg 1598w, https:\/\/sensilog.ro\/wp-content\/uploads\/2025\/01\/WhatsApp-Image-2019-08-13-at-11.01.291-300x219.jpg 300w, https:\/\/sensilog.ro\/wp-content\/uploads\/2025\/01\/WhatsApp-Image-2019-08-13-at-11.01.291-1024x747.jpg 1024w, https:\/\/sensilog.ro\/wp-content\/uploads\/2025\/01\/WhatsApp-Image-2019-08-13-at-11.01.291-768x560.jpg 768w, https:\/\/sensilog.ro\/wp-content\/uploads\/2025\/01\/WhatsApp-Image-2019-08-13-at-11.01.291-1536x1121.jpg 1536w\" sizes=\"auto, (max-width: 1598px) 100vw, 1598px\" \/><\/div><\/figure><\/div><div class=\"vcex-module vcex-divider vcex-divider-solid vcex-divider-center wpex-mx-auto wpex-block wpex-h-0 wpex-border-b wpex-border-solid wpex-border-main\" style=\"margin-block-start:20px;\"><\/div><\/div><\/div><\/div><\/div><div class=\"vc_row wpb_row vc_row-fluid vc_custom_1736780478501 wpex-vc-full-width-row wpex-vc-full-width-row--centered wpex-relative wpex-vc_row-has-fill wpex-vc-reset-negative-margin\" style=\"background-color:#c6d7d6!important;\"><div class=\"wpb_column vc_column_container vc_col-sm-6\"><div class=\"vc_column-inner\"><div class=\"wpb_wrapper\">\n\t<div class=\"wpb_text_column wpb_content_element\" >\n\t\t<div class=\"wpb_wrapper\">\n\t\t\t<h3 class=\"\">We are currently looking for<\/h3>\n<div class=\"vcex-module vcex-divider vcex-divider-solid vcex-divider-center wpex-mx-auto wpex-max-w-100 wpex-block wpex-h-0 wpex-border-b wpex-border-solid wpex-border-main\" style=\"width:100%;margin-block:20px;border-bottom-width:1px;border-color:#fbcc0a;\"><\/div>\n<p class=\"uk-text-large uk-text-justify\"><span style=\"color: #b80c09;\"><strong>Driver Driving license class<\/strong><\/span><\/p>\n<hr \/>\n<p class=\"uk-text-large\"><span style=\"color: #b80c09;\"><strong>Driver Driving license class\u00a0<\/strong><\/span><\/p>\n<hr \/>\n\n\t\t<\/div>\n\t<\/div>\n<\/div><\/div><\/div><div class=\"wpb_column vc_column_container vc_col-sm-6\"><div style=\"background-color:#ffffff!important;\" class=\"vc_column-inner\"><div class=\"wpb_wrapper\">\n\t<div class=\"wpb_text_column wpb_content_element vc_custom_1740233056872\" >\n\t\t<div class=\"wpb_wrapper\">\n\t\t\t<header>\n<h3 class=\"\">Descriere<\/h3>\n<\/header>\n<ul class=\"uk-list uk-list-bullet\">\n<li>\n<p class=\"uk-text-large\">Your area of responsibility includes all work in local and long-distance transportation, loading and unloading operations in the area of goods removal and car transportation, as well as associated dismantling and assembly work.<\/p>\n<\/li>\n<li>\n<p class=\"uk-text-large\">Knowledge of foreign languages, particularly English, is desirable.<\/p>\n<\/li>\n<li>\n<p class=\"uk-text-large\">We offer a modern fleet and an exceptional catchment area, which is generally serviced by a team of at least two employees.<\/p>\n<\/li>\n<\/ul>\n<h3>Your new place of work<\/h3>\n<ul class=\"uk-list uk-list-bullet\">\n<li>\n<p class=\"uk-text-large\">Dinamic<\/p>\n<\/li>\n<li>\n<p class=\"uk-text-large\">Human<\/p>\n<\/li>\n<li>\n<p class=\"uk-text-large\">Reliable<\/p>\n<\/li>\n<\/ul>\n<h3>We look forward to receiving your application at:<\/h3>\n<p>20 Fantanele Street<br \/>\n510081Alba Iulia, Romania<\/p>\n<p><a href=\"tel:+40740153187\">+40 (0)740 153 187<\/a><br \/>\n<a href=\"mailto:office@sensilog.ro\">office@sensilog.ro<\/a><\/p>\n\n\t\t<\/div>\n\t<\/div>\n<\/div><\/div><\/div><\/div><div class=\"vc_row wpb_row vc_row-fluid vc_custom_1737313801145 wpex-vc-full-width-row wpex-vc-full-width-row--centered wpex-relative wpex-vc_row-has-fill no-bottom-margins wpex-vc-reset-negative-margin\" data-ls_id=\"#scrie\" tabindex=\"-1\" style=\"background-color:#fbcc0a!important;\"><div class=\"wpb_column vc_column_container vc_col-sm-12\"><div class=\"vc_column-inner\"><div class=\"wpb_wrapper\"><div class=\"vcex-contact-form wpex-text-left\" data-ajaxurl=\"http:\/\/sensilog.ro\/wp-admin\/admin-ajax.php\" data-notice-success=\"Mesaj transmis\" data-notice-error=\"Eroare\" data-recaptcha=\"\" data-nonce=\"378b838803\"><form class=\"vcex-contact-form__form\" action=\"\"><div class=\"vcex-contact-form__fields wpex-mb-15 wpex-flex wpex-gap-20 wpex-flex-wrap\"><div class=\"vcex-contact-form__name wpex-flex-grow\"><label class=\"vcex-contact-form__label wpex-block wpex-mb-5 wpex-font-semibold\" for=\"vcex-contact-form__6a09aa0701662-name\">Name - Company<sup class=\"vcex-contact-form__required\">*<\/sup><\/label><input class=\"vcex-contact-form__input wpex-w-100\" type=\"text\" id=\"vcex-contact-form__6a09aa0701662-name\" name=\"vcex_cf_name\" required><\/div><div class=\"vcex-contact-form__email wpex-flex-grow\"><label class=\"vcex-contact-form__label wpex-block wpex-mb-5 wpex-font-semibold\" for=\"vcex-contact-form__6a09aa0701662-email\">Email<sup class=\"vcex-contact-form__required\">*<\/sup><\/label><input class=\"vcex-contact-form__input wpex-w-100\" type=\"email\" id=\"vcex-contact-form__6a09aa0701662-email\" name=\"vcex_cf_email\" required><\/div><\/div><div class=\"vcex-contact-form__message wpex-mb-15\"><label class=\"vcex-contact-form__label wpex-block wpex-mb-5 wpex-font-semibold\" for=\"vcex-contact-form__6a09aa0701662-message\">Message<\/label><textarea rows=\"8\" class=\"vcex-contact-form__textarea wpex-align-top wpex-w-100\" id=\"vcex-contact-form__6a09aa0701662-message\" name=\"vcex_cf_message\" required><\/textarea><\/div><div class=\"vcex-contact-form__privacy wpex-flex wpex-items-center wpex-gap-5 wpex-mb-15\"><input type=\"checkbox\" class=\"vcex-contact-form__checkbox\" id=\"vcex-contact-form__6a09aa0701662-privacy\" name=\"vcex_cf_privacy\" required><label class=\"vcex-contact-form__label wpex-block wpex-font-semibold\" for=\"vcex-contact-form__6a09aa0701662-privacy\">I agree with <a href=\"http:\/\/sensilog.ro\/en\/politica-de-confidentialitate\/\" target=\"_blank\" rel=\"noopener noreferrer\">The Privacy Policy<\/a><\/label><\/div><button class=\"vcex-contact-form__submit theme-button\">Send<\/button><div class=\"vcex-contact-form__spinner wpex-mt-15 wpex-hidden\"><svg height=\"20\" width=\"20\" viewbox=\"0 0 36 36\" xmlns=\"http:\/\/www.w3.org\/2000\/svg\"><circle cx=\"18\" cy=\"18\" r=\"18\" fill=\"#a2a2a2\" fill-opacity=\".5\"\/><circle cx=\"18\" cy=\"8\" r=\"4\" fill=\"#fff\"><animatetransform attributename=\"transform\" dur=\"1100ms\" from=\"0 18 18\" repeatcount=\"indefinite\" to=\"360 18 18\" type=\"rotate\"\/><\/circle><\/svg><\/div><div class=\"vcex-contact-form__notice wpex-hidden wpex-alert wpex-mt-15 wpex-mb-0\"><\/div><input type=\"hidden\" name=\"trp-form-language\" value=\"en\"\/><\/form><div class=\"vcex-contact-form__overlay wpex-hidden\"><\/div><\/div><\/div><\/div><\/div><\/div><div class=\"vc_row wpb_row vc_row-fluid vc_row-o-content-bottom vc_row-flex wpex-vc-full-width-row wpex-vc-full-width-row--centered wpex-relative wpex-vc_row-has-fill wpex-vc-reset-negative-margin\" style=\"background-color:#cdd0cf!important;\"><div class=\"wpb_column vc_column_container vc_col-sm-12\"><div class=\"vc_column-inner\"><div class=\"wpb_wrapper\"><div class=\"vc_row wpb_row vc_inner vc_row-fluid wpex-relative\"><div class=\"wpb_column vc_column_container vc_col-sm-12\"><div class=\"vc_column-inner\"><div class=\"wpb_wrapper\">\n\t<div class=\"wpb_text_column wpb_content_element\" >\n\t\t<div class=\"wpb_wrapper\">\n\t\t\t<h2 class=\"uk-text-center\" style=\"text-align: center;\">Contact persons<\/h2>\n\n\t\t<\/div>\n\t<\/div>\n<\/div><\/div><\/div><\/div><div class=\"vc_row wpb_row vc_inner vc_row-fluid vc_custom_1736778849771 vc_row-o-content-bottom vc_row-flex wpex-relative\"><div class=\"wpb_column vc_column_container vc_col-sm-6\"><div class=\"vc_column-inner vc_custom_1736778829264\"><div class=\"wpb_wrapper\"><style>.vcex-pricing.vcex_6a09aa070496e .vcex-pricing-plan{color:var(--wpex-accent);}.vcex-pricing.vcex_6a09aa070496e .vcex-pricing-ammount{font-size:16px;}<\/style><div class=\"vcex-module vcex-pricing wpex-flex wpex-flex-col vcex-pricing-style-alt-2 wpex-leading-normal wpex-surface-1 wpex-p-20 wpex-border-solid wpex-border wpex-border-main wpex-last-mb-0 vc_custom_1736778780915 vcex_6a09aa070496e\"><div class=\"vcex-pricing-plan vcex-pricing-header wpex-font-bold wpex-text-2xl wpex-text-1 wpex-border-b-3 wpex-border-solid wpex-border-accent wpex-mb-10 wpex-pb-10\">Valentin Binder<\/div><div class=\"vcex-pricing-cost wpex-text-2xl wpex-text-1 wpex-font-medium wpex-border-b wpex-border-solid wpex-border-main wpex-mb-20 wpex-pb-30\"><span class=\"vcex-pricing-ammount\">Administrator<br \/>\nProiect Management, Consultanta<\/span><\/div><div class=\"vcex-pricing-content wpex-flex-grow wpex-last-mb-0 wpex-clr wpex-my-20\"><p>20 Fantanele Street<br \/>\n510081Alba Iulia, Romania<\/p>\n<div class=\"vcex-module vcex-divider vcex-divider-solid vcex-divider-center wpex-mx-auto wpex-max-w-100 wpex-block wpex-h-0 wpex-border-b wpex-border-solid wpex-border-main\" style=\"width:100%;margin-block:20px;border-bottom-width:1px;border-color:#dddddd;\"><\/div><a href=\"tel:+40740153187\">+40 740 153\u00a0187<\/a><\/p>\n<p>email: valentin.binder@sensilog.ro<\/p>\n<\/div><\/div><\/div><\/div><\/div><div class=\"wpb_column vc_column_container vc_col-sm-6\"><div class=\"vc_column-inner vc_custom_1736778502427\"><div class=\"wpb_wrapper\"><style>.vcex-pricing.vcex_6a09aa07071b2 .vcex-pricing-plan{color:var(--wpex-accent);}.vcex-pricing.vcex_6a09aa07071b2 .vcex-pricing-ammount{font-size:16px;}<\/style><div class=\"vcex-module vcex-pricing wpex-flex wpex-flex-col vcex-pricing-style-alt-2 wpex-leading-normal wpex-surface-1 wpex-p-20 wpex-border-solid wpex-border wpex-border-main wpex-last-mb-0 vc_custom_1736778792831 vcex_6a09aa07071b2\"><div class=\"vcex-pricing-plan vcex-pricing-header wpex-font-bold wpex-text-2xl wpex-text-1 wpex-border-b-3 wpex-border-solid wpex-border-accent wpex-mb-10 wpex-pb-10\">Tiberiu Szakacs<\/div><div class=\"vcex-pricing-cost wpex-text-2xl wpex-text-1 wpex-font-medium wpex-border-b wpex-border-solid wpex-border-main wpex-mb-20 wpex-pb-30\"><span class=\"vcex-pricing-ammount\">Proiect Management<br \/>\nConsultancy<\/span><\/div><div class=\"vcex-pricing-content wpex-flex-grow wpex-last-mb-0 wpex-clr wpex-my-20\"><p>20 Fantanele Street<br \/>\n510081Alba Iulia, Romania<\/p>\n<div class=\"vcex-module vcex-divider vcex-divider-solid vcex-divider-center wpex-mx-auto wpex-max-w-100 wpex-block wpex-h-0 wpex-border-b wpex-border-solid wpex-border-main\" style=\"width:100%;margin-block:20px;border-bottom-width:1px;border-color:#dddddd;\"><\/div><a href=\"tel:+40740153187\">+40 740 153\u00a0187<\/a><\/p>\n<p>email: tiberiu.szakacs@sensilog.ro<\/p>\n<\/div><\/div><\/div><\/div><\/div><\/div><\/div><\/div><\/div><\/div>\n<\/div>","protected":false},"excerpt":{"rendered":"\u00cen prezent c\u0103ut\u0103m Sofer Permis de conducere\u00a0 clasa Sofer Permis de conducere clasa\u00a0 Descriere Domeniul dumneavoastr\u0103 de responsabilitate include toate lucr\u0103rile \u00een transportul local \u0219i pe distan\u021be lungi, opera\u021biunile de \u00eenc\u0103rcare \u0219i desc\u0103rcare din zona de mutare a m\u0103rfurilor \u0219i transport de ma\u0219ini, precum \u0219i lucr\u0103rile de demontare \u0219i montaj asociate. Cunoa\u0219terea limbilor str\u0103ine, \u00een&hellip;","protected":false},"author":1,"featured_media":0,"parent":0,"menu_order":0,"comment_status":"closed","ping_status":"closed","template":"","meta":{"footnotes":""},"class_list":["post-4828","page","type-page","status-publish","hentry","entry","no-media"],"yoast_head":"<!-- This site is optimized with the Yoast SEO plugin v27.6 - https:\/\/yoast.com\/product\/yoast-seo-wordpress\/ -->\n<title>Locuri de munca -<\/title>\n<meta name=\"robots\" content=\"index, follow, max-snippet:-1, max-image-preview:large, max-video-preview:-1\" \/>\n<link rel=\"canonical\" href=\"https:\/\/sensilog.ro\/en\/locuri-de-munca\/\" \/>\n<meta property=\"og:locale\" content=\"en_GB\" \/>\n<meta property=\"og:type\" content=\"article\" \/>\n<meta property=\"og:title\" content=\"Locuri de munca -\" \/>\n<meta property=\"og:url\" content=\"https:\/\/sensilog.ro\/en\/locuri-de-munca\/\" \/>\n<meta property=\"article:modified_time\" content=\"2025-02-22T14:04:18+00:00\" \/>\n<meta name=\"twitter:card\" content=\"summary_large_image\" \/>\n<meta name=\"twitter:label1\" content=\"Estimated reading time\" \/>\n\t<meta name=\"twitter:data1\" content=\"2 minutes\" \/>\n<script type=\"application\/ld+json\" class=\"yoast-schema-graph\">{\"@context\":\"https:\\\/\\\/schema.org\",\"@graph\":[{\"@type\":\"WebPage\",\"@id\":\"https:\\\/\\\/sensilog.ro\\\/locuri-de-munca\\\/\",\"url\":\"https:\\\/\\\/sensilog.ro\\\/locuri-de-munca\\\/\",\"name\":\"Locuri de munca -\",\"isPartOf\":{\"@id\":\"https:\\\/\\\/sensilog.ro\\\/#website\"},\"datePublished\":\"2025-01-10T21:15:39+00:00\",\"dateModified\":\"2025-02-22T14:04:18+00:00\",\"inLanguage\":\"en-GB\",\"potentialAction\":[{\"@type\":\"ReadAction\",\"target\":[\"https:\\\/\\\/sensilog.ro\\\/locuri-de-munca\\\/\"]}]},{\"@type\":\"WebSite\",\"@id\":\"https:\\\/\\\/sensilog.ro\\\/#website\",\"url\":\"https:\\\/\\\/sensilog.ro\\\/\",\"name\":\"\",\"description\":\"\",\"potentialAction\":[{\"@type\":\"SearchAction\",\"target\":{\"@type\":\"EntryPoint\",\"urlTemplate\":\"https:\\\/\\\/sensilog.ro\\\/?s={search_term_string}\"},\"query-input\":{\"@type\":\"PropertyValueSpecification\",\"valueRequired\":true,\"valueName\":\"search_term_string\"}}],\"inLanguage\":\"en-GB\"}]}<\/script>\n<!-- \/ Yoast SEO plugin. -->","yoast_head_json":{"title":"Locuri de munca -","robots":{"index":"index","follow":"follow","max-snippet":"max-snippet:-1","max-image-preview":"max-image-preview:large","max-video-preview":"max-video-preview:-1"},"canonical":"https:\/\/sensilog.ro\/en\/locuri-de-munca\/","og_locale":"en_GB","og_type":"article","og_title":"Locuri de munca -","og_url":"https:\/\/sensilog.ro\/en\/locuri-de-munca\/","article_modified_time":"2025-02-22T14:04:18+00:00","twitter_card":"summary_large_image","twitter_misc":{"Estimated reading time":"2 minutes"},"schema":{"@context":"https:\/\/schema.org","@graph":[{"@type":"WebPage","@id":"https:\/\/sensilog.ro\/locuri-de-munca\/","url":"https:\/\/sensilog.ro\/locuri-de-munca\/","name":"Locuri de munca -","isPartOf":{"@id":"https:\/\/sensilog.ro\/#website"},"datePublished":"2025-01-10T21:15:39+00:00","dateModified":"2025-02-22T14:04:18+00:00","inLanguage":"en-GB","potentialAction":[{"@type":"ReadAction","target":["https:\/\/sensilog.ro\/locuri-de-munca\/"]}]},{"@type":"WebSite","@id":"https:\/\/sensilog.ro\/#website","url":"https:\/\/sensilog.ro\/","name":"","description":"","potentialAction":[{"@type":"SearchAction","target":{"@type":"EntryPoint","urlTemplate":"https:\/\/sensilog.ro\/?s={search_term_string}"},"query-input":{"@type":"PropertyValueSpecification","valueRequired":true,"valueName":"search_term_string"}}],"inLanguage":"en-GB"}]}},"_links":{"self":[{"href":"http:\/\/sensilog.ro\/en\/wp-json\/wp\/v2\/pages\/4828","targetHints":{"allow":["GET"]}}],"collection":[{"href":"http:\/\/sensilog.ro\/en\/wp-json\/wp\/v2\/pages"}],"about":[{"href":"http:\/\/sensilog.ro\/en\/wp-json\/wp\/v2\/types\/page"}],"author":[{"embeddable":true,"href":"http:\/\/sensilog.ro\/en\/wp-json\/wp\/v2\/users\/1"}],"replies":[{"embeddable":true,"href":"http:\/\/sensilog.ro\/en\/wp-json\/wp\/v2\/comments?post=4828"}],"version-history":[{"count":0,"href":"http:\/\/sensilog.ro\/en\/wp-json\/wp\/v2\/pages\/4828\/revisions"}],"wp:attachment":[{"href":"http:\/\/sensilog.ro\/en\/wp-json\/wp\/v2\/media?parent=4828"}],"curies":[{"name":"wp","href":"https:\/\/api.w.org\/{rel}","templated":true}]}}